{"id":2818,"date":"2023-08-02T15:33:04","date_gmt":"2023-08-02T12:33:04","guid":{"rendered":"https:\/\/www.ubhk.org.tr\/7-ubhk\/?page_id=2818"},"modified":"2023-08-02T16:30:00","modified_gmt":"2023-08-02T13:30:00","slug":"bilisim-bilim-kurulu","status":"publish","type":"page","link":"https:\/\/www.ubhk.org.tr\/7-ubhk\/kurullar\/bilisim-bilim-kurulu","title":{"rendered":"Bili\u015fim Bilim Kurulu"},"content":{"rendered":"<h3><strong>Bili\u015fim Bilim Kurulu<\/strong><\/h3>\n<ul>\n<li>Prof. Dr. Ahmet KOLTUKSUZ<\/li>\n<li>Do\u00e7. Dr. Ula\u015f K\u00f6kten Birant<\/li>\n<li>Dr. \u00d6\u011fr. \u00dcyesi Anas Maazu Kademi<\/li>\n<li>Dr. \u00d6\u011fr. \u00dcyesi \u00c7a\u011fatay Y\u00dcCEL<\/li>\n<li>Dr. Murat \u00d6DEM\u0130\u015e<\/li>\n<\/ul>\n","protected":false},"excerpt":{"rendered":"<p>Bili\u015fim Bilim Kurulu Prof. Dr. Ahmet KOLTUKSUZ Do\u00e7. Dr. Ula\u015f K\u00f6kten Birant Dr. \u00d6\u011fr. \u00dcyesi Anas Maazu Kademi Dr. \u00d6\u011fr. \u00dcyesi \u00c7a\u011fatay Y\u00dcCEL Dr. Murat \u00d6DEM\u0130\u015e<\/p>\n","protected":false},"author":4,"featured_media":0,"parent":2532,"menu_order":0,"comment_status":"closed","ping_status":"closed","template":"","meta":{"rs_blank_template":"","rs_page_bg_color":"","slide_template_v7":"","footnotes":""},"class_list":["post-2818","page","type-page","status-publish","hentry"],"_links":{"self":[{"href":"https:\/\/www.ubhk.org.tr\/7-ubhk\/wp-json\/wp\/v2\/pages\/2818","targetHints":{"allow":["GET"]}}],"collection":[{"href":"https:\/\/www.ubhk.org.tr\/7-ubhk\/wp-json\/wp\/v2\/pages"}],"about":[{"href":"https:\/\/www.ubhk.org.tr\/7-ubhk\/wp-json\/wp\/v2\/types\/page"}],"author":[{"embeddable":true,"href":"https:\/\/www.ubhk.org.tr\/7-ubhk\/wp-json\/wp\/v2\/users\/4"}],"replies":[{"embeddable":true,"href":"https:\/\/www.ubhk.org.tr\/7-ubhk\/wp-json\/wp\/v2\/comments?post=2818"}],"version-history":[{"count":4,"href":"https:\/\/www.ubhk.org.tr\/7-ubhk\/wp-json\/wp\/v2\/pages\/2818\/revisions"}],"predecessor-version":[{"id":2828,"href":"https:\/\/www.ubhk.org.tr\/7-ubhk\/wp-json\/wp\/v2\/pages\/2818\/revisions\/2828"}],"up":[{"embeddable":true,"href":"https:\/\/www.ubhk.org.tr\/7-ubhk\/wp-json\/wp\/v2\/pages\/2532"}],"wp:attachment":[{"href":"https:\/\/www.ubhk.org.tr\/7-ubhk\/wp-json\/wp\/v2\/media?parent=2818"}],"curies":[{"name":"wp","href":"https:\/\/api.w.org\/{rel}","templated":true}]}}