{"id":2815,"date":"2023-08-02T15:31:22","date_gmt":"2023-08-02T12:31:22","guid":{"rendered":"https:\/\/www.ubhk.org.tr\/7-ubhk\/?page_id=2815"},"modified":"2023-10-12T13:42:19","modified_gmt":"2023-10-12T10:42:19","slug":"hukuk-bilim-kurulu","status":"publish","type":"page","link":"https:\/\/www.ubhk.org.tr\/7-ubhk\/kurullar\/hukuk-bilim-kurulu","title":{"rendered":"Hukuk Bilim Kurulu"},"content":{"rendered":"<h3><strong>Hukuk Bilim Kurulu<\/strong><\/h3>\n<ol>\n<li>Prof.Dr.Tekin Memi\u015f<\/li>\n<li>Prof.Dr.Mustafa Fad\u0131l Y\u0131ld\u0131r\u0131m<\/li>\n<li>Prof.Dr.Hakan Uzelt\u00fcrk<\/li>\n<li>Prof.Dr.Murat Volkan D\u00fclger<\/li>\n<li>Prof. Dr. Hakan Hakeri<\/li>\n<li>Do\u00e7.Dr.Arma\u011fan Ebru Bozkurt Y\u00fcksel<\/li>\n<li>Do\u00e7.Dr.Elif K\u00fczeci<\/li>\n<li>Do\u00e7.Dr.Mete Teveto\u011flu<\/li>\n<li>Do\u00e7.Dr.Candide \u015eent\u00fcrk<\/li>\n<li>Dr.\u015eerafettin Ekici<\/li>\n<li>Dr.Cansu Topal<\/li>\n<li>Dr.Serkan\u00a0Kaya<\/li>\n<\/ol>\n","protected":false},"excerpt":{"rendered":"<p>Hukuk Bilim Kurulu Prof.Dr.Tekin Memi\u015f Prof.Dr.Mustafa Fad\u0131l Y\u0131ld\u0131r\u0131m Prof.Dr.Hakan Uzelt\u00fcrk Prof.Dr.Murat Volkan D\u00fclger Prof. Dr. Hakan Hakeri Do\u00e7.Dr.Arma\u011fan Ebru Bozkurt Y\u00fcksel Do\u00e7.Dr.Elif K\u00fczeci Do\u00e7.Dr.Mete Teveto\u011flu Do\u00e7.Dr.Candide<span class=\"excerpt-hellip\"> [\u2026]<\/span><\/p>\n","protected":false},"author":4,"featured_media":0,"parent":2532,"menu_order":0,"comment_status":"closed","ping_status":"closed","template":"","meta":{"footnotes":""},"class_list":["post-2815","page","type-page","status-publish","hentry"],"_links":{"self":[{"href":"https:\/\/www.ubhk.org.tr\/7-ubhk\/wp-json\/wp\/v2\/pages\/2815","targetHints":{"allow":["GET"]}}],"collection":[{"href":"https:\/\/www.ubhk.org.tr\/7-ubhk\/wp-json\/wp\/v2\/pages"}],"about":[{"href":"https:\/\/www.ubhk.org.tr\/7-ubhk\/wp-json\/wp\/v2\/types\/page"}],"author":[{"embeddable":true,"href":"https:\/\/www.ubhk.org.tr\/7-ubhk\/wp-json\/wp\/v2\/users\/4"}],"replies":[{"embeddable":true,"href":"https:\/\/www.ubhk.org.tr\/7-ubhk\/wp-json\/wp\/v2\/comments?post=2815"}],"version-history":[{"count":6,"href":"https:\/\/www.ubhk.org.tr\/7-ubhk\/wp-json\/wp\/v2\/pages\/2815\/revisions"}],"predecessor-version":[{"id":2874,"href":"https:\/\/www.ubhk.org.tr\/7-ubhk\/wp-json\/wp\/v2\/pages\/2815\/revisions\/2874"}],"up":[{"embeddable":true,"href":"https:\/\/www.ubhk.org.tr\/7-ubhk\/wp-json\/wp\/v2\/pages\/2532"}],"wp:attachment":[{"href":"https:\/\/www.ubhk.org.tr\/7-ubhk\/wp-json\/wp\/v2\/media?parent=2815"}],"curies":[{"name":"wp","href":"https:\/\/api.w.org\/{rel}","templated":true}]}}