{"id":2756,"date":"2022-12-30T15:26:07","date_gmt":"2022-12-30T12:26:07","guid":{"rendered":"https:\/\/www.ubhk.org.tr\/7-ubhk\/?page_id=2756"},"modified":"2023-05-18T13:00:21","modified_gmt":"2023-05-18T10:00:21","slug":"eyk","status":"publish","type":"page","link":"https:\/\/www.ubhk.org.tr\/7-ubhk\/kurullar\/eyk","title":{"rendered":"EYK"},"content":{"rendered":"<ul>\n<li>M. Ali YAZICI<\/li>\n<li>Fikret KAVZAK<\/li>\n<li>Nevhan AKYILDIZ<\/li>\n<li>Resul G\u00d6KSOY<\/li>\n<li>\u00c7i\u011fdem \u00c7\u0130\u00c7EK\u00c7\u0130 ERCAN<\/li>\n<li>Dr. Bar\u0131\u015f G\u00dcNAYDIN<\/li>\n<li>Halil Murat BERBERER<\/li>\n<li>Murat Osman KANDIR<\/li>\n<li>Ilg\u0131n YAZICI<\/li>\n<li>Nilay ARK\u00dcN \u00d6ZG\u00dcVEN<\/li>\n<li>Mehmet Ali K\u00d6KSAL<\/li>\n<li>Prof. Dr. Yal\u00e7\u0131n \u00c7EB\u0130<\/li>\n<li>Feyzullah OKTAY<\/li>\n<li>Vahit \u00c7\u0130MEN<\/li>\n<li>Fehmi \u00dcnsal \u00d6ZMEST\u0130K<\/li>\n<li>Av. Ceyda C\u0130M\u0130LL\u0130 AKAYDIN<\/li>\n<li>Ye\u015fim ERGUN<\/li>\n<li>Ceren TUN\u00c7<\/li>\n<li>M\u00fcnir Hakan Eri\u015f<\/li>\n<li>Av.\u00a0\u00c7a\u011fatay\u00a0\u00dcSK\u00dcDAR<\/li>\n<\/ul>\n","protected":false},"excerpt":{"rendered":"<p>M. Ali YAZICI Fikret KAVZAK Nevhan AKYILDIZ Resul G\u00d6KSOY \u00c7i\u011fdem \u00c7\u0130\u00c7EK\u00c7\u0130 ERCAN Dr. Bar\u0131\u015f G\u00dcNAYDIN Halil Murat BERBERER Murat Osman KANDIR Ilg\u0131n YAZICI Nilay ARK\u00dcN \u00d6ZG\u00dcVEN<span class=\"excerpt-hellip\"> [\u2026]<\/span><\/p>\n","protected":false},"author":4,"featured_media":0,"parent":2532,"menu_order":0,"comment_status":"closed","ping_status":"closed","template":"","meta":{"rs_blank_template":"","rs_page_bg_color":"","slide_template_v7":"","footnotes":""},"class_list":["post-2756","page","type-page","status-publish","hentry"],"_links":{"self":[{"href":"https:\/\/www.ubhk.org.tr\/7-ubhk\/wp-json\/wp\/v2\/pages\/2756","targetHints":{"allow":["GET"]}}],"collection":[{"href":"https:\/\/www.ubhk.org.tr\/7-ubhk\/wp-json\/wp\/v2\/pages"}],"about":[{"href":"https:\/\/www.ubhk.org.tr\/7-ubhk\/wp-json\/wp\/v2\/types\/page"}],"author":[{"embeddable":true,"href":"https:\/\/www.ubhk.org.tr\/7-ubhk\/wp-json\/wp\/v2\/users\/4"}],"replies":[{"embeddable":true,"href":"https:\/\/www.ubhk.org.tr\/7-ubhk\/wp-json\/wp\/v2\/comments?post=2756"}],"version-history":[{"count":5,"href":"https:\/\/www.ubhk.org.tr\/7-ubhk\/wp-json\/wp\/v2\/pages\/2756\/revisions"}],"predecessor-version":[{"id":2785,"href":"https:\/\/www.ubhk.org.tr\/7-ubhk\/wp-json\/wp\/v2\/pages\/2756\/revisions\/2785"}],"up":[{"embeddable":true,"href":"https:\/\/www.ubhk.org.tr\/7-ubhk\/wp-json\/wp\/v2\/pages\/2532"}],"wp:attachment":[{"href":"https:\/\/www.ubhk.org.tr\/7-ubhk\/wp-json\/wp\/v2\/media?parent=2756"}],"curies":[{"name":"wp","href":"https:\/\/api.w.org\/{rel}","templated":true}]}}