{"id":2747,"date":"2022-12-30T15:12:38","date_gmt":"2022-12-30T12:12:38","guid":{"rendered":"https:\/\/www.ubhk.org.tr\/7-ubhk\/?page_id=2747"},"modified":"2023-08-02T17:04:03","modified_gmt":"2023-08-02T14:04:03","slug":"akademik-duzenleme-kurulu","status":"publish","type":"page","link":"https:\/\/www.ubhk.org.tr\/7-ubhk\/kurullar\/akademik-duzenleme-kurulu","title":{"rendered":"Akademik D\u00fczenleme Kurulu"},"content":{"rendered":"<ul>\n<li>Av. Mehmet Ali K\u00d6KSAL<\/li>\n<li>Nevhan AKYILDIZ<\/li>\n<li>M. Hakan ER\u0130\u015e<\/li>\n<li>Mert D\u00d6NER\u00c7ARK<\/li>\n<li>Prof. Dr. Tekin Memi\u015f<\/li>\n<li>Prof. Dr. Ahmet KOLTUKSUZ<\/li>\n<\/ul>\n","protected":false},"excerpt":{"rendered":"<p>Av. Mehmet Ali K\u00d6KSAL Nevhan AKYILDIZ M. Hakan ER\u0130\u015e Mert D\u00d6NER\u00c7ARK Prof. Dr. Tekin Memi\u015f Prof. Dr. Ahmet KOLTUKSUZ<\/p>\n","protected":false},"author":4,"featured_media":0,"parent":2532,"menu_order":0,"comment_status":"closed","ping_status":"closed","template":"","meta":{"rs_blank_template":"","rs_page_bg_color":"","slide_template_v7":"","footnotes":""},"class_list":["post-2747","page","type-page","status-publish","hentry"],"_links":{"self":[{"href":"https:\/\/www.ubhk.org.tr\/7-ubhk\/wp-json\/wp\/v2\/pages\/2747","targetHints":{"allow":["GET"]}}],"collection":[{"href":"https:\/\/www.ubhk.org.tr\/7-ubhk\/wp-json\/wp\/v2\/pages"}],"about":[{"href":"https:\/\/www.ubhk.org.tr\/7-ubhk\/wp-json\/wp\/v2\/types\/page"}],"author":[{"embeddable":true,"href":"https:\/\/www.ubhk.org.tr\/7-ubhk\/wp-json\/wp\/v2\/users\/4"}],"replies":[{"embeddable":true,"href":"https:\/\/www.ubhk.org.tr\/7-ubhk\/wp-json\/wp\/v2\/comments?post=2747"}],"version-history":[{"count":14,"href":"https:\/\/www.ubhk.org.tr\/7-ubhk\/wp-json\/wp\/v2\/pages\/2747\/revisions"}],"predecessor-version":[{"id":2832,"href":"https:\/\/www.ubhk.org.tr\/7-ubhk\/wp-json\/wp\/v2\/pages\/2747\/revisions\/2832"}],"up":[{"embeddable":true,"href":"https:\/\/www.ubhk.org.tr\/7-ubhk\/wp-json\/wp\/v2\/pages\/2532"}],"wp:attachment":[{"href":"https:\/\/www.ubhk.org.tr\/7-ubhk\/wp-json\/wp\/v2\/media?parent=2747"}],"curies":[{"name":"wp","href":"https:\/\/api.w.org\/{rel}","templated":true}]}}