{"id":2745,"date":"2022-12-30T15:11:47","date_gmt":"2022-12-30T12:11:47","guid":{"rendered":"https:\/\/www.ubhk.org.tr\/7-ubhk\/?page_id=2745"},"modified":"2023-06-06T13:51:08","modified_gmt":"2023-06-06T10:51:08","slug":"oturum-duzenleme-kurulu","status":"publish","type":"page","link":"https:\/\/www.ubhk.org.tr\/7-ubhk\/kurullar\/oturum-duzenleme-kurulu","title":{"rendered":"Oturum D\u00fczenleme Kurulu"},"content":{"rendered":"<ul>\n<li>Av. Resul G\u00d6KSOY<\/li>\n<li>Av. Fehmi \u00dcnsal \u00d6ZMEST\u0130K<\/li>\n<li>Eda TANRIVERD\u0130<\/li>\n<\/ul>\n","protected":false},"excerpt":{"rendered":"<p>Av. Resul G\u00d6KSOY Av. Fehmi \u00dcnsal \u00d6ZMEST\u0130K Eda TANRIVERD\u0130<\/p>\n","protected":false},"author":4,"featured_media":0,"parent":2532,"menu_order":0,"comment_status":"closed","ping_status":"closed","template":"","meta":{"rs_blank_template":"","rs_page_bg_color":"","slide_template_v7":"","footnotes":""},"class_list":["post-2745","page","type-page","status-publish","hentry"],"_links":{"self":[{"href":"https:\/\/www.ubhk.org.tr\/7-ubhk\/wp-json\/wp\/v2\/pages\/2745","targetHints":{"allow":["GET"]}}],"collection":[{"href":"https:\/\/www.ubhk.org.tr\/7-ubhk\/wp-json\/wp\/v2\/pages"}],"about":[{"href":"https:\/\/www.ubhk.org.tr\/7-ubhk\/wp-json\/wp\/v2\/types\/page"}],"author":[{"embeddable":true,"href":"https:\/\/www.ubhk.org.tr\/7-ubhk\/wp-json\/wp\/v2\/users\/4"}],"replies":[{"embeddable":true,"href":"https:\/\/www.ubhk.org.tr\/7-ubhk\/wp-json\/wp\/v2\/comments?post=2745"}],"version-history":[{"count":4,"href":"https:\/\/www.ubhk.org.tr\/7-ubhk\/wp-json\/wp\/v2\/pages\/2745\/revisions"}],"predecessor-version":[{"id":2790,"href":"https:\/\/www.ubhk.org.tr\/7-ubhk\/wp-json\/wp\/v2\/pages\/2745\/revisions\/2790"}],"up":[{"embeddable":true,"href":"https:\/\/www.ubhk.org.tr\/7-ubhk\/wp-json\/wp\/v2\/pages\/2532"}],"wp:attachment":[{"href":"https:\/\/www.ubhk.org.tr\/7-ubhk\/wp-json\/wp\/v2\/media?parent=2745"}],"curies":[{"name":"wp","href":"https:\/\/api.w.org\/{rel}","templated":true}]}}