{"id":2742,"date":"2022-12-30T15:10:55","date_gmt":"2022-12-30T12:10:55","guid":{"rendered":"https:\/\/www.ubhk.org.tr\/7-ubhk\/?page_id=2742"},"modified":"2023-06-22T12:27:39","modified_gmt":"2023-06-22T09:27:39","slug":"danisma-kurulu","status":"publish","type":"page","link":"https:\/\/www.ubhk.org.tr\/7-ubhk\/kurullar\/danisma-kurulu","title":{"rendered":"Dan\u0131\u015fma Kurulu"},"content":{"rendered":"<ul>\n<li>Av. Nilay ARK\u00dcN \u00d6ZG\u00dcVEN, T\u00fcrkiye Bili\u015fim Derne\u011fi<\/li>\n<li>Av. Ilg\u0131n YAZICI, T\u00fcrkiye Bili\u015fim Derne\u011fi<\/li>\n<li>Prof. Dr. Murat A\u015eKAR, \u0130zmir Ekonomi \u00dcniversitesi<\/li>\n<li>\u0130lknur \u0130NAM, T.C. Sanayi ve Teknoloji Bakanl\u0131\u011f\u0131<\/li>\n<li>\u0130rfan KESK\u0130N, T.C. Sanayi ve Teknoloji Bakanl\u0131\u011f\u0131<\/li>\n<li>Onur GEN\u00c7ER, T.C. Ula\u015ft\u0131rma ve Altyap\u0131 Bakanl\u0131\u011f\u0131<\/li>\n<li>Salih TALAY, T.C. Cumhurba\u015fkanl\u0131\u011f\u0131 Dijital D\u00f6n\u00fc\u015f\u00fcm Ofisi<\/li>\n<li>Ahmet \u015eAM\u0130L DEM\u0130RCAN, T.C. Milli E\u011fitim Bakanl\u0131\u011f\u0131<\/li>\n<li>Orhan Kemal ARDI\u00c7, T.C. Ula\u015ft\u0131rma ve Altyap\u0131 Bakanl\u0131\u011f\u0131<\/li>\n<li>Av. I\u015f\u0131l Selen DENEMEC, T.C. Cumhurba\u015fkanl\u0131\u011f\u0131 Dijital D\u00f6n\u00fc\u015f\u00fcm Ofisi<\/li>\n<li>Av. Ferhat DO\u011eRUS\u00d6Z, T.C. Sa\u011fl\u0131k Bakanl\u0131\u011f\u0131<\/li>\n<li>Av. Selin \u00d6ZBEK C\u0130TTONE, Veri Koruma Derne\u011fi<\/li>\n<li>Av. Fehmi \u00dcnsal \u00d6ZMEST\u0130K, \u0130stanbul Barosu<\/li>\n<li>Dr. \u00d6\u011fr. \u00dcyesi Elif K\u00dcZEC\u0130, Bah\u00e7e\u015fehir \u00dcniversitesi<\/li>\n<li>Prof. Dr. Ali Kemal YILDIZ,\u00a0T\u00fcrk-Alman \u00dcniversitesi<\/li>\n<li>Prof. Dr. Tuna TU\u011eCU, Bo\u011fazi\u00e7i \u00dcniversitesi<\/li>\n<li>Dr. \u00d6\u011fr. \u00dcyesi Mehmet Bedii KAYA, Bilgi \u00dcniversitesi<\/li>\n<li>Av. G\u00f6khan AH\u0130, Bili\u015fim Hukuk\u00e7usu<\/li>\n<li>Av. G\u00f6k\u00e7e \u00c7obansoy HIZEL, Turkcell<\/li>\n<li>Av. Muhterem \u0130LHAN, Vodafone<\/li>\n<li>Tan\u0131n AFACAN, ASELSAN<\/li>\n<li>Dr. Mert \u00d6ZARAR,\u00a0HAVELSAN<\/li>\n<li>Av. Alanur AYHAN, TBB<\/li>\n<li>Av. Hakan ORHAN,\u00a0TBB<\/li>\n<\/ul>\n","protected":false},"excerpt":{"rendered":"<p>Av. Nilay ARK\u00dcN \u00d6ZG\u00dcVEN, T\u00fcrkiye Bili\u015fim Derne\u011fi Av. Ilg\u0131n YAZICI, T\u00fcrkiye Bili\u015fim Derne\u011fi Prof. Dr. Murat A\u015eKAR, \u0130zmir Ekonomi \u00dcniversitesi \u0130lknur \u0130NAM, T.C. Sanayi ve Teknoloji<span class=\"excerpt-hellip\"> [\u2026]<\/span><\/p>\n","protected":false},"author":4,"featured_media":0,"parent":2532,"menu_order":0,"comment_status":"closed","ping_status":"closed","template":"","meta":{"rs_blank_template":"","rs_page_bg_color":"","slide_template_v7":"","footnotes":""},"class_list":["post-2742","page","type-page","status-publish","hentry"],"_links":{"self":[{"href":"https:\/\/www.ubhk.org.tr\/7-ubhk\/wp-json\/wp\/v2\/pages\/2742","targetHints":{"allow":["GET"]}}],"collection":[{"href":"https:\/\/www.ubhk.org.tr\/7-ubhk\/wp-json\/wp\/v2\/pages"}],"about":[{"href":"https:\/\/www.ubhk.org.tr\/7-ubhk\/wp-json\/wp\/v2\/types\/page"}],"author":[{"embeddable":true,"href":"https:\/\/www.ubhk.org.tr\/7-ubhk\/wp-json\/wp\/v2\/users\/4"}],"replies":[{"embeddable":true,"href":"https:\/\/www.ubhk.org.tr\/7-ubhk\/wp-json\/wp\/v2\/comments?post=2742"}],"version-history":[{"count":7,"href":"https:\/\/www.ubhk.org.tr\/7-ubhk\/wp-json\/wp\/v2\/pages\/2742\/revisions"}],"predecessor-version":[{"id":2844,"href":"https:\/\/www.ubhk.org.tr\/7-ubhk\/wp-json\/wp\/v2\/pages\/2742\/revisions\/2844"}],"up":[{"embeddable":true,"href":"https:\/\/www.ubhk.org.tr\/7-ubhk\/wp-json\/wp\/v2\/pages\/2532"}],"wp:attachment":[{"href":"https:\/\/www.ubhk.org.tr\/7-ubhk\/wp-json\/wp\/v2\/media?parent=2742"}],"curies":[{"name":"wp","href":"https:\/\/api.w.org\/{rel}","templated":true}]}}