{"id":2501,"date":"2020-02-07T16:20:21","date_gmt":"2020-02-07T13:20:21","guid":{"rendered":"https:\/\/www.ubhk.org.tr\/6-ubhk\/?page_id=2501"},"modified":"2023-01-13T18:06:23","modified_gmt":"2023-01-13T15:06:23","slug":"ubhk","status":"publish","type":"page","link":"https:\/\/www.ubhk.org.tr\/7-ubhk\/ubhk","title":{"rendered":"UBHK"},"content":{"rendered":"<h2 style=\"text-align: center;\">KURULTAYIN AMACI<\/h2>\n<p>7. \u0130zmir Uluslararas\u0131 Bili\u015fim Hukuku Kurultay\u0131\u2019n\u0131n amac\u0131; Bili\u015fimin her ge\u00e7en g\u00fcn kamu ve \u00f6zel sekt\u00f6rde daha fazla ve etkin kullan\u0131lmas\u0131 sonucunda ticaret ve sanayi ba\u015fta olmak \u00fczere bili\u015fim hukukunun de\u011findi\u011fi alanlar\u0131n giderek artmas\u0131, bili\u015fimdeki geli\u015fmelere paralel olarak hukuki d\u00fczenlemelerin \u00f6nceden yap\u0131lmas\u0131 \u00e7al\u0131\u015fmalar\u0131na katk\u0131 sa\u011flanmas\u0131 olarak belirlenmi\u015ftir.<\/p>\n<p>S\u00f6z konusu amac\u0131n ger\u00e7ekle\u015ftirilmesine y\u00f6nelik olarak konusunda uzman konu\u015fmac\u0131lar\u0131n kat\u0131laca\u011f\u0131 toplam onbir (11) oturumda, &#8220;Blockchain&#8217;in Bankac\u0131l\u0131k Sekt\u00f6r\u00fcne Etkileri\u201d, \u201cKlasik Bankac\u0131l\u0131k \u00d6l\u00fcyor Mu?\u201d, \u201cDijital Para\u201d, \u201cA\u00e7\u0131k Bankac\u0131l\u0131k\u201d, \u201cKripto Varl\u0131klar\u201d, \u201cNFT\u201d, \u201cElektronik Ticarette Yeni Yakla\u015f\u0131mlar\u201d, \u201cGatekeeper Kavram\u0131n\u0131n Sekt\u00f6re Etkileri\u201d, \u201cRekabet Hukuku Yans\u0131malar\u0131\u201d, \u201cRekabet Kurumunun Yerinde \u0130nceleme Yetkisi ve \u00c7al\u0131\u015fanlara Ait \u015eahsi Cihazlar\u0131n \u0130ncelenmesi ve KVKK \/ \u00d6zel Hayat\u0131n Gizlili\u011fi Sorunsal\u0131\u201d, \u201cMetaverse\u2019te Mevcut Hukuk Ge\u00e7erli Mi?\u201d, \u201cYeni Medya \/ 5G ve \u00f6tesi\u201d ve \u201cT\u00fcrkiye Telekom Altyap\u0131s\u0131 Fazla Bant Geni\u015fli\u011fi \u0130\u00e7in Haz\u0131r M\u0131? &#8211; BTK, Operat\u00f6rler, ISS&#8217;ler ve Belediyeler Tart\u0131\u015f\u0131yor\u201d tart\u0131\u015f\u0131lacak ve ortak ak\u0131l olu\u015fturularak \u00fclkemizin karar vericilerine \u0131\u015f\u0131k tutulmas\u0131 sa\u011flanacakt\u0131r.<\/p>\n<h2 style=\"text-align: center;\">HEDEF K\u0130TLE<\/h2>\n<ul>\n<li>H\u00e2kimler,<\/li>\n<li>Savc\u0131lar,<\/li>\n<li>Avukatlar,<\/li>\n<li>Noterler,<\/li>\n<li>Hukuk ve bili\u015fim alan\u0131nda \u00e7al\u0131\u015fan profesyoneller<\/li>\n<li>Hukuk ve bili\u015fim alan\u0131nda e\u011fitim veren, ara\u015ft\u0131rma yapan akademisyen ve \u00f6\u011frenciler<\/li>\n<li>Bili\u015fim g\u00fcvenli\u011fi uzmanlar\u0131,<\/li>\n<li>Adli bili\u015fim uzmanlar\u0131,<\/li>\n<li>G\u00fcvenlik alan\u0131nda yaz\u0131l\u0131m \u00fcreten bilgisayar m\u00fchendisleri ve sistem analistleri.<\/li>\n<\/ul>\n<h2 style=\"text-align: center;\">\u00d6NEML\u0130 TAR\u0130HLER<\/h2>\n<p>14 Temmuz 2023 Bildiri \u00f6zetlerinin son g\u00f6nderim tarihi<\/p>\n<p>11 A\u011fustos 2023 Kabul edilen bildirilerin ilan\u0131<\/p>\n<p>01 Eyl\u00fcl 2023 Bildirilerin tam metinlerinin son g\u00f6nderim tarihi<\/p>\n<p>15 Eyl\u00fcl 2023 Tam metinlerden ba\u015far\u0131l\u0131 bulunanlar\u0131n ilan\u0131<\/p>\n","protected":false},"excerpt":{"rendered":"<p>KURULTAYIN AMACI 7. \u0130zmir Uluslararas\u0131 Bili\u015fim Hukuku Kurultay\u0131\u2019n\u0131n amac\u0131; Bili\u015fimin her ge\u00e7en g\u00fcn kamu ve \u00f6zel sekt\u00f6rde daha fazla ve etkin kullan\u0131lmas\u0131 sonucunda ticaret ve sanayi<span class=\"excerpt-hellip\"> [\u2026]<\/span><\/p>\n","protected":false},"author":4,"featured_media":0,"parent":0,"menu_order":0,"comment_status":"closed","ping_status":"closed","template":"","meta":{"rs_blank_template":"","rs_page_bg_color":"","slide_template_v7":"","footnotes":""},"class_list":["post-2501","page","type-page","status-publish","hentry"],"_links":{"self":[{"href":"https:\/\/www.ubhk.org.tr\/7-ubhk\/wp-json\/wp\/v2\/pages\/2501","targetHints":{"allow":["GET"]}}],"collection":[{"href":"https:\/\/www.ubhk.org.tr\/7-ubhk\/wp-json\/wp\/v2\/pages"}],"about":[{"href":"https:\/\/www.ubhk.org.tr\/7-ubhk\/wp-json\/wp\/v2\/types\/page"}],"author":[{"embeddable":true,"href":"https:\/\/www.ubhk.org.tr\/7-ubhk\/wp-json\/wp\/v2\/users\/4"}],"replies":[{"embeddable":true,"href":"https:\/\/www.ubhk.org.tr\/7-ubhk\/wp-json\/wp\/v2\/comments?post=2501"}],"version-history":[{"count":11,"href":"https:\/\/www.ubhk.org.tr\/7-ubhk\/wp-json\/wp\/v2\/pages\/2501\/revisions"}],"predecessor-version":[{"id":2772,"href":"https:\/\/www.ubhk.org.tr\/7-ubhk\/wp-json\/wp\/v2\/pages\/2501\/revisions\/2772"}],"wp:attachment":[{"href":"https:\/\/www.ubhk.org.tr\/7-ubhk\/wp-json\/wp\/v2\/media?parent=2501"}],"curies":[{"name":"wp","href":"https:\/\/api.w.org\/{rel}","templated":true}]}}