{"id":2501,"date":"2020-02-07T16:20:21","date_gmt":"2020-02-07T13:20:21","guid":{"rendered":"https:\/\/www.ubhk.org.tr\/6-ubhk\/?page_id=2501"},"modified":"2021-07-28T16:53:47","modified_gmt":"2021-07-28T13:53:47","slug":"ubhk","status":"publish","type":"page","link":"https:\/\/www.ubhk.org.tr\/6-ubhk\/ubhk","title":{"rendered":"UBHK"},"content":{"rendered":"<h2 style=\"text-align: center;\">KURULTAYIN AMACI<\/h2>\n<p>6. \u0130zmir Uluslararas\u0131 Bili\u015fim Hukuku Kurultay\u0131\u2019n\u0131n amac\u0131; Bili\u015fimin her ge\u00e7en g\u00fcn kamu ve \u00f6zel sekt\u00f6rde daha fazla ve etkin kullan\u0131lmas\u0131 sonucunda ticaret ve sanayi ba\u015fta olmak \u00fczere bili\u015fim hukukunun de\u011findi\u011fi alanlar\u0131n giderek artmas\u0131, bili\u015fimdeki geli\u015fmelere paralel olarak hukuki d\u00fczenlemelerin \u00f6nceden yap\u0131lmas\u0131 \u00e7al\u0131\u015fmalar\u0131na katk\u0131 sa\u011flanmas\u0131 olarak belirlenmi\u015ftir.<\/p>\n<p>S\u00f6z konusu amac\u0131n ger\u00e7ekle\u015ftirilmesine y\u00f6nelik olarak konusunda uzman konu\u015fmac\u0131lar\u0131n kat\u0131laca\u011f\u0131 toplam onbir (11) oturumda, &#8220;Sosyal Medya&#8221;, &#8220;Biyometrik \u0130mza&#8221;, &#8220;Nesnelerin \u0130nterneti (Ak\u0131ll\u0131 \u015eehirler &#8211; Ak\u0131ll\u0131 Evler, Hacking Boyutu)&#8221;, &#8220;Kay\u0131t Zinciri&#8221;, &#8220;Fintech&#8221;, &#8220;Ki\u015fisel Verilerin Korunmas\u0131&#8221;, &#8220;T\u00fcketici&#8221;, &#8220;Yapay Zeka&#8221;, &#8220;Dijital Platformlar ve Rekabet Hukuku&#8221;, &#8220;A\u00e7\u0131k Veri&#8221; ve \u201cBili\u015fim Hukukunda Gelecek \u00d6ng\u00f6r\u00fcleri\u201d tart\u0131\u015f\u0131lacak ve ortak ak\u0131l olu\u015fturularak \u00fclkemizin karar vericilerine \u0131\u015f\u0131k tutulmas\u0131 sa\u011flanacakt\u0131r.<\/p>\n<h2 style=\"text-align: center;\">HEDEF K\u0130TLE<\/h2>\n<ul>\n<li>H\u00e2kimler,<\/li>\n<li>Savc\u0131lar,<\/li>\n<li>Avukatlar,<\/li>\n<li>Noterler,<\/li>\n<li>Hukuk ve bili\u015fim alan\u0131nda \u00e7al\u0131\u015fan profesyoneller<\/li>\n<li>Hukuk ve bili\u015fim alan\u0131nda e\u011fitim veren, ara\u015ft\u0131rma yapan akademisyen ve \u00f6\u011frenciler<\/li>\n<li>Bili\u015fim g\u00fcvenli\u011fi uzmanlar\u0131,<\/li>\n<li>Adli bili\u015fim uzmanlar\u0131,<\/li>\n<li>G\u00fcvenlik alan\u0131nda yaz\u0131l\u0131m \u00fcreten bilgisayar m\u00fchendisleri ve sistem analistleri.<\/li>\n<\/ul>\n<h2 style=\"text-align: center;\">\u00d6NEML\u0130 TAR\u0130HLER<\/h2>\n<p>15 Temmuz 2021 Bildiri \u00f6zetlerinin son g\u00f6nderim tarihi<\/p>\n<p>09 A\u011fustos 2021 Kabul edilen bildirilerin ilan\u0131<\/p>\n<p>30 A\u011fustos 2021 Bildirilerin tam metinlerinin son g\u00f6nderim tarihi<\/p>\n<p>15 Eyl\u00fcl 2021 Tam metinlerden ba\u015far\u0131l\u0131 bulunanlar\u0131n ilan\u0131<\/p>\n","protected":false},"excerpt":{"rendered":"<p>KURULTAYIN AMACI 6. \u0130zmir Uluslararas\u0131 Bili\u015fim Hukuku Kurultay\u0131\u2019n\u0131n amac\u0131; Bili\u015fimin her ge\u00e7en g\u00fcn kamu ve \u00f6zel sekt\u00f6rde daha fazla ve etkin kullan\u0131lmas\u0131 sonucunda ticaret ve sanayi<span class=\"excerpt-hellip\"> [\u2026]<\/span><\/p>\n","protected":false},"author":4,"featured_media":0,"parent":0,"menu_order":0,"comment_status":"closed","ping_status":"closed","template":"","meta":{"footnotes":""},"class_list":["post-2501","page","type-page","status-publish","hentry"],"_links":{"self":[{"href":"https:\/\/www.ubhk.org.tr\/6-ubhk\/wp-json\/wp\/v2\/pages\/2501","targetHints":{"allow":["GET"]}}],"collection":[{"href":"https:\/\/www.ubhk.org.tr\/6-ubhk\/wp-json\/wp\/v2\/pages"}],"about":[{"href":"https:\/\/www.ubhk.org.tr\/6-ubhk\/wp-json\/wp\/v2\/types\/page"}],"author":[{"embeddable":true,"href":"https:\/\/www.ubhk.org.tr\/6-ubhk\/wp-json\/wp\/v2\/users\/4"}],"replies":[{"embeddable":true,"href":"https:\/\/www.ubhk.org.tr\/6-ubhk\/wp-json\/wp\/v2\/comments?post=2501"}],"version-history":[{"count":10,"href":"https:\/\/www.ubhk.org.tr\/6-ubhk\/wp-json\/wp\/v2\/pages\/2501\/revisions"}],"predecessor-version":[{"id":2595,"href":"https:\/\/www.ubhk.org.tr\/6-ubhk\/wp-json\/wp\/v2\/pages\/2501\/revisions\/2595"}],"wp:attachment":[{"href":"https:\/\/www.ubhk.org.tr\/6-ubhk\/wp-json\/wp\/v2\/media?parent=2501"}],"curies":[{"name":"wp","href":"https:\/\/api.w.org\/{rel}","templated":true}]}}