{"id":2383,"date":"2018-09-11T23:36:15","date_gmt":"2018-09-11T20:36:15","guid":{"rendered":"http:\/\/www.ubhk.org.tr\/6-ubhk\/?page_id=2383"},"modified":"2021-06-01T19:06:11","modified_gmt":"2021-06-01T16:06:11","slug":"tbd","status":"publish","type":"page","link":"https:\/\/www.ubhk.org.tr\/6-ubhk\/tbd","title":{"rendered":"TBD"},"content":{"rendered":"<h2 style=\"text-align: center;\">T\u00fcrkiye Bili\u015fim Derne\u011fi,<br \/>\n\u201cBili\u015fim Teknikbilimini Ulusal Bir Kalk\u0131nma Arac\u0131 Olarak Kullanma\u201d<br \/>\nhedefiyle bili\u015fimde 50 y\u0131l\u0131n\u0131 a\u015fan deneyim.<\/h2>\n<p>TBD, bili\u015fim teknolojilerinin ya\u015fam\u0131n her alan\u0131nda fark\u0131ndal\u0131k yaratarak, her kesimin etkin kullan\u0131m\u0131n\u0131 i\u00e7in \u00e7al\u0131\u015fmalar\u0131na devam ediyor.<\/p>\n<p>T\u00fcrkiye Bili\u015fim Derne\u011fi\u2019nin g\u00fcc\u00fc;<\/p>\n<ul>\n<li>D\u00fcnyada sekt\u00f6r\u00fcn ilk Derne\u011fi olmas\u0131,<\/li>\n<li>\u00dclke genelinde yap\u0131lanmas\u0131,<\/li>\n<li>\u00dcye profilindeki \u00e7e\u015fitlili\u011fi,<\/li>\n<li>Kamu Yarar\u0131\u201d Dernek stat\u00fcs\u00fcn\u00fc almas\u0131 ve<\/li>\n<li>12 bini a\u015fan \u00fcye say\u0131s\u0131ndan gelmektedir.<\/li>\n<\/ul>\n","protected":false},"excerpt":{"rendered":"<p>T\u00fcrkiye Bili\u015fim Derne\u011fi, \u201cBili\u015fim Teknikbilimini Ulusal Bir Kalk\u0131nma Arac\u0131 Olarak Kullanma\u201d hedefiyle bili\u015fimde 50 y\u0131l\u0131n\u0131 a\u015fan deneyim. TBD, bili\u015fim teknolojilerinin ya\u015fam\u0131n her alan\u0131nda fark\u0131ndal\u0131k yaratarak, her<span class=\"excerpt-hellip\"> [\u2026]<\/span><\/p>\n","protected":false},"author":4,"featured_media":0,"parent":0,"menu_order":0,"comment_status":"closed","ping_status":"closed","template":"","meta":{"rs_blank_template":"","rs_page_bg_color":"","slide_template_v7":"","footnotes":""},"class_list":["post-2383","page","type-page","status-publish","hentry"],"_links":{"self":[{"href":"https:\/\/www.ubhk.org.tr\/6-ubhk\/wp-json\/wp\/v2\/pages\/2383","targetHints":{"allow":["GET"]}}],"collection":[{"href":"https:\/\/www.ubhk.org.tr\/6-ubhk\/wp-json\/wp\/v2\/pages"}],"about":[{"href":"https:\/\/www.ubhk.org.tr\/6-ubhk\/wp-json\/wp\/v2\/types\/page"}],"author":[{"embeddable":true,"href":"https:\/\/www.ubhk.org.tr\/6-ubhk\/wp-json\/wp\/v2\/users\/4"}],"replies":[{"embeddable":true,"href":"https:\/\/www.ubhk.org.tr\/6-ubhk\/wp-json\/wp\/v2\/comments?post=2383"}],"version-history":[{"count":2,"href":"https:\/\/www.ubhk.org.tr\/6-ubhk\/wp-json\/wp\/v2\/pages\/2383\/revisions"}],"predecessor-version":[{"id":2550,"href":"https:\/\/www.ubhk.org.tr\/6-ubhk\/wp-json\/wp\/v2\/pages\/2383\/revisions\/2550"}],"wp:attachment":[{"href":"https:\/\/www.ubhk.org.tr\/6-ubhk\/wp-json\/wp\/v2\/media?parent=2383"}],"curies":[{"name":"wp","href":"https:\/\/api.w.org\/{rel}","templated":true}]}}